{"id":82,"date":"2016-03-13T11:58:17","date_gmt":"2016-03-13T11:58:17","guid":{"rendered":"http:\/\/bioinformacnitechnologie.cz\/?page_id=82"},"modified":"2016-03-22T17:38:49","modified_gmt":"2016-03-22T16:38:49","slug":"setkavani","status":"publish","type":"page","link":"https:\/\/bioinformacnitechnologie.cz\/index.php\/setkavani\/","title":{"rendered":"Setk\u00e1v\u00e1n\u00ed"},"content":{"rendered":"<header class=\"entry-header\">\n<h1 class=\"entry-title\">M\u00edsta a term\u00edny setk\u00e1v\u00e1n\u00ed<\/h1>\n<\/header>\n<p>slou\u017e\u00ed absolvent\u016fm kurz\u016f bioinforma\u010dn\u00edch technologi\u00ed (BIT) ke spole\u010dn\u00e9mu procvi\u010dov\u00e1n\u00ed technik, ke sd\u00edlen\u00ed sv\u00fdch \u00fasp\u011bch\u016f i nezdar\u016f atp. Ka\u017ed\u00fd si vol\u00ed to m\u00edsto, kam to m\u00e1 nejbl\u00ed\u017ee. Pokud je V\u00e1s n\u011bkde v\u00edce (sta\u010d\u00ed dva), m\u016f\u017eete zalo\u017eit vlastn\u00ed m\u00edsto setk\u00e1v\u00e1n\u00ed. Potom pros\u00edm o ozn\u00e1men\u00ed m\u00edsta, \u010dasu a term\u00ednu setk\u00e1v\u00e1n\u00ed, abychom to zde uvedli. Jednou za \u010das (v sobotu) po\u0159\u00e1d\u00e1me v Brn\u011b setk\u00e1n\u00ed v\u0161ech absolvent\u016f, kte\u0159\u00ed maj\u00ed \u010das a chu\u0165 se spole\u010dn\u011b sej\u00edt, pohovo\u0159it, ujasnit si nejasnosti a vyc\u00edtit, \u017ee v mno\u017estv\u00ed je s\u00edla.<\/p>\n<div class=\"table-responsive\"><table  style=\"width:100%; \"  class=\"easy-table easy-table-cuscosky \" >\n<thead>\r\n<tr><th >M\u00edsto<\/th>\n<th >Term\u00edny a Kontakt<\/th>\n<\/tr>\n<\/thead>\n<tbody>\r\n<tr><td >Brno, brat\u0159\u00ed K\u0159i\u010dk\u016f 28,\u00a0B\u011blousovovi<\/td>\n<td > Ka\u017edou st\u0159edu od 17:00 do 19:00 hod, belousoval@volny.cz. V sud\u00e9 st\u0159edy pouze technologie z\u00e1kladn\u00edho kurzu, v lich\u00e9 st\u0159edy technologie stup\u0148\u016f.<\/td>\n<\/tr>\n\r\n<tr><td >Praha 9, Drahobejlova 41,\u00a0V\u00e1\u017eansk\u00e1<\/td>\n<td >14.3. a 4.4. v 17:45, verkavazanska@volny.cz<\/td>\n<\/tr>\n<\/tbody><\/table><\/div>\n","protected":false},"excerpt":{"rendered":"<p>M\u00edsta a term\u00edny setk\u00e1v\u00e1n\u00ed slou\u017e\u00ed absolvent\u016fm kurz\u016f bioinforma\u010dn\u00edch technologi\u00ed (BIT) ke spole\u010dn\u00e9mu procvi\u010dov\u00e1n\u00ed technik, ke sd\u00edlen\u00ed sv\u00fdch \u00fasp\u011bch\u016f i nezdar\u016f atp. Ka\u017ed\u00fd si vol\u00ed to m\u00edsto, kam to m\u00e1 nejbl\u00ed\u017ee. Pokud je V\u00e1s n\u011bkde v\u00edce (sta\u010d\u00ed dva), m\u016f\u017eete zalo\u017eit vlastn\u00ed m\u00edsto setk\u00e1v\u00e1n\u00ed. Potom pros\u00edm o ozn\u00e1men\u00ed m\u00edsta, \u010dasu a term\u00ednu setk\u00e1v\u00e1n\u00ed, abychom to zde uvedli. [&hellip;]<\/p>\n","protected":false},"author":1,"featured_media":0,"parent":0,"menu_order":0,"comment_status":"closed","ping_status":"closed","template":"","meta":{"footnotes":""},"class_list":["post-82","page","type-page","status-publish","hentry"],"_links":{"self":[{"href":"https:\/\/bioinformacnitechnologie.cz\/index.php\/wp-json\/wp\/v2\/pages\/82","targetHints":{"allow":["GET"]}}],"collection":[{"href":"https:\/\/bioinformacnitechnologie.cz\/index.php\/wp-json\/wp\/v2\/pages"}],"about":[{"href":"https:\/\/bioinformacnitechnologie.cz\/index.php\/wp-json\/wp\/v2\/types\/page"}],"author":[{"embeddable":true,"href":"https:\/\/bioinformacnitechnologie.cz\/index.php\/wp-json\/wp\/v2\/users\/1"}],"replies":[{"embeddable":true,"href":"https:\/\/bioinformacnitechnologie.cz\/index.php\/wp-json\/wp\/v2\/comments?post=82"}],"version-history":[{"count":20,"href":"https:\/\/bioinformacnitechnologie.cz\/index.php\/wp-json\/wp\/v2\/pages\/82\/revisions"}],"predecessor-version":[{"id":187,"href":"https:\/\/bioinformacnitechnologie.cz\/index.php\/wp-json\/wp\/v2\/pages\/82\/revisions\/187"}],"wp:attachment":[{"href":"https:\/\/bioinformacnitechnologie.cz\/index.php\/wp-json\/wp\/v2\/media?parent=82"}],"curies":[{"name":"wp","href":"https:\/\/api.w.org\/{rel}","templated":true}]}}