{"id":8,"date":"2016-03-12T21:04:00","date_gmt":"2016-03-12T21:04:00","guid":{"rendered":"http:\/\/bioinformacnitechnologie.cz\/?page_id=8"},"modified":"2016-03-22T17:45:46","modified_gmt":"2016-03-22T16:45:46","slug":"arkadij-petrov","status":"publish","type":"page","link":"https:\/\/bioinformacnitechnologie.cz\/index.php\/arkadij-petrov\/","title":{"rendered":"Arkadij Petrov"},"content":{"rendered":"<div id=\"comp-ifcvg3vx\" class=\"s1\" data-reactid=\".0.$SITE_ROOT.$desktop_siteRoot.$PAGES_CONTAINER.1.1.$SITE_PAGES.$yt6bi.1.$comp-ifczhano.1.$comp-ifcvg3vx\">\n<p class=\"font_7\">Akademik, doktor filozofick\u00fdch v\u011bd a spisovatel Arkadij Naumovi\u010d Petrov byl do sv\u00fdch pades\u00e1ti let zap\u0159is\u00e1hl\u00fdm ateistou. Mnoho chorob mu zt\u011b\u017eovalo \u017eivot. Jako \u0159editel sv\u011btov\u011b proslul\u00e9ho nakladatelstv\u00ed Um\u011bleck\u00e1 literatura se musel pot\u00fdkat s \u0159adou mana\u017eersk\u00fdch a ekonomick\u00fdch probl\u00e9m\u016f, co\u017e mu p\u0159ivodilo dal\u0161\u00ed zdravotn\u00ed probl\u00e9my, tak\u017ee se ocitl v nemocnici, kde mu m\u011bla b\u00fdt odebr\u00e1na ledvina. Stalo se v\u0161ak n\u011bco podivuhodn\u00e9ho. Jednoho dne se na nemocni\u010dn\u00edm l\u016f\u017eku dostal do zm\u011bn\u011bn\u00e9ho stavu v\u011bdom\u00ed, ve kter\u00e9m krom\u011b jin\u00e9ho spat\u0159oval biblick\u00e9 v\u00fdjevy, p\u0159ijal existenci Krista a do\u0161lo u n\u011bj k z\u00e1va\u017en\u00e9 zm\u011bn\u011b sv\u011btov\u00e9ho n\u00e1zoru. Zaujat nov\u00fdm pozn\u00e1n\u00edm pe\u010dliv\u011b zapisoval sv\u00e9 pro\u017eitky a do\u0161lo u n\u011bj ke spont\u00e1nn\u00edmu uzdraven\u00ed. Z nemocnice ode\u0161el zdr\u00e1v a bez chirurgick\u00e9ho z\u00e1sahu. T\u00edmto z\u00e1\u017eitkem zapo\u010dala nov\u00e1 kapitola jeho \u017eivota, kterou podrobn\u011b popisuje ve sv\u00e9 trilogii Stvo\u0159en\u00ed sv\u011bta.<\/p>\n<\/div>\n<div id=\"comp-ifcvsvcy\" class=\"s1\" data-reactid=\".0.$SITE_ROOT.$desktop_siteRoot.$PAGES_CONTAINER.1.1.$SITE_PAGES.$yt6bi.1.$comp-ifczhano.1.$comp-ifcvsvcy\">\n<p class=\"font_7\">Kurzy bioinforma\u010dn\u00edch technologi\u00ed Arkadije Petrova se \u0161\u00ed\u0159\u00ed po cel\u00e9 planet\u011b. Jsme r\u00e1di, \u017ee se n\u00e1m v \u010cesk\u00e9 republice od roku 2013 poda\u0159ilo zorganizovat ji\u017e\u00a0osm z\u00e1kladn\u00edch kurz\u016f, dvakr\u00e1t t\u0159i pokra\u010dovac\u00ed stupn\u011b,\u00a0p\u011bt tematick\u00fdch kurz\u016f a master class osobn\u011b veden\u00fd autorem A. Petrovem.<\/p>\n<\/div>\n<p class=\"font_7\">Napsali o n\u011bm:<\/p>\n<p class=\"font_7\">\u00a0 &#8211;\u00a0<a href=\"http:\/\/orgo-net.blogspot.cz\/2012\/11\/prevratna-techologie-obnovy-lidskych.html\" target=\"_blank\">orgo-net.blogspot.cz<\/a><\/p>\n<p class=\"font_7\">\u00a0 &#8211; <a href=\"http:\/\/www.2012rok.sk\/wp\/veda-a-technika\/12291-zaklady-novej-vedy-prevratna-technologia-obnovy-ludskych-organov#comment-2198\" target=\"_blank\">2012rok.sk<\/a><\/p>\n","protected":false},"excerpt":{"rendered":"<p>Akademik, doktor filozofick\u00fdch v\u011bd a spisovatel Arkadij Naumovi\u010d Petrov byl do sv\u00fdch pades\u00e1ti let zap\u0159is\u00e1hl\u00fdm ateistou. Mnoho chorob mu zt\u011b\u017eovalo \u017eivot. Jako \u0159editel sv\u011btov\u011b proslul\u00e9ho nakladatelstv\u00ed Um\u011bleck\u00e1 literatura se musel pot\u00fdkat s \u0159adou mana\u017eersk\u00fdch a ekonomick\u00fdch probl\u00e9m\u016f, co\u017e mu p\u0159ivodilo dal\u0161\u00ed zdravotn\u00ed probl\u00e9my, tak\u017ee se ocitl v nemocnici, kde mu m\u011bla b\u00fdt odebr\u00e1na ledvina. Stalo [&hellip;]<\/p>\n","protected":false},"author":1,"featured_media":0,"parent":0,"menu_order":0,"comment_status":"closed","ping_status":"closed","template":"","meta":{"footnotes":""},"class_list":["post-8","page","type-page","status-publish","hentry"],"_links":{"self":[{"href":"https:\/\/bioinformacnitechnologie.cz\/index.php\/wp-json\/wp\/v2\/pages\/8","targetHints":{"allow":["GET"]}}],"collection":[{"href":"https:\/\/bioinformacnitechnologie.cz\/index.php\/wp-json\/wp\/v2\/pages"}],"about":[{"href":"https:\/\/bioinformacnitechnologie.cz\/index.php\/wp-json\/wp\/v2\/types\/page"}],"author":[{"embeddable":true,"href":"https:\/\/bioinformacnitechnologie.cz\/index.php\/wp-json\/wp\/v2\/users\/1"}],"replies":[{"embeddable":true,"href":"https:\/\/bioinformacnitechnologie.cz\/index.php\/wp-json\/wp\/v2\/comments?post=8"}],"version-history":[{"count":2,"href":"https:\/\/bioinformacnitechnologie.cz\/index.php\/wp-json\/wp\/v2\/pages\/8\/revisions"}],"predecessor-version":[{"id":188,"href":"https:\/\/bioinformacnitechnologie.cz\/index.php\/wp-json\/wp\/v2\/pages\/8\/revisions\/188"}],"wp:attachment":[{"href":"https:\/\/bioinformacnitechnologie.cz\/index.php\/wp-json\/wp\/v2\/media?parent=8"}],"curies":[{"name":"wp","href":"https:\/\/api.w.org\/{rel}","templated":true}]}}