{"id":68,"date":"2016-03-13T10:59:28","date_gmt":"2016-03-13T10:59:28","guid":{"rendered":"http:\/\/bioinformacnitechnologie.cz\/?page_id=68"},"modified":"2016-04-03T14:43:34","modified_gmt":"2016-04-03T13:43:34","slug":"knihy","status":"publish","type":"page","link":"https:\/\/bioinformacnitechnologie.cz\/index.php\/knihy\/","title":{"rendered":"Knihy"},"content":{"rendered":"<p><a href=\"https:\/\/docs.google.com\/forms\/d\/1f63nHGLDrE4xzNyjweEMaxyVDKyBcCMFNf-MNDTSiak\/viewform?usp=send_form\" target=\"_blank\">Objedn\u00e1vka knih<\/a>, v\u010d. DPH za K\u010d<\/p>\n<p>Objedn\u00e1vka knih ze <a href=\"http:\/\/www.belousov.dvcno.sk\/su-jok\/objednavka\" target=\"_blank\">Slovenska<\/a>\u00a0za \u20ac<\/p>\n<p>Vydan\u00e9 knihy A. N. Petrova v \u010de\u0161tin\u011b, nakladatelstv\u00edm Libu\u0161e B\u011blousov\u00e1:<br \/>\n<div class=\"su-accordion su-u-trim\">\n<div class=\"su-spoiler su-spoiler-style-fancy su-spoiler-icon-plus book-spoiler su-spoiler-closed\" data-scroll-offset=\"0\" data-anchor-in-url=\"no\"><div class=\"su-spoiler-title\" tabindex=\"0\" role=\"button\"><span class=\"su-spoiler-icon\"><\/span>Stvo\u0159en\u00ed sv\u011bta - Zachra\u0148 se<\/div><div class=\"su-spoiler-content su-u-clearfix su-u-trim\"> Prvn\u00ed d\u00edl trilogie. Autobiografie, vznik objevu bioinforma\u010dn\u00edch technologi\u00ed, cesta z materialistick\u00e9ho sv\u011bton\u00e1zoru, osobn\u00ed hled\u00e1n\u00ed Pravdy.<\/div><\/div>\n<div class=\"su-spoiler su-spoiler-style-fancy su-spoiler-icon-plus book-spoiler su-spoiler-closed\" data-scroll-offset=\"0\" data-anchor-in-url=\"no\"><div class=\"su-spoiler-title\" tabindex=\"0\" role=\"button\"><span class=\"su-spoiler-icon\"><\/span>Stvo\u0159en\u00ed sv\u011bta - Zachra\u0148 sv\u011bt v sob\u011b<\/div><div class=\"su-spoiler-content su-u-clearfix su-u-trim\"> Druh\u00fd d\u00edl trilogie Stvo\u0159en\u00ed sv\u011bta. Autobiografie, vznik objevu bioinforma\u010dn\u00edch technologi\u00ed, cesta z materialistick\u00e9ho sv\u011bton\u00e1zoru, osobn\u00ed hled\u00e1n\u00ed Pravdy.<\/div><\/div>\n<div class=\"su-spoiler su-spoiler-style-fancy su-spoiler-icon-plus book-spoiler su-spoiler-closed\" data-scroll-offset=\"0\" data-anchor-in-url=\"no\"><div class=\"su-spoiler-title\" tabindex=\"0\" role=\"button\"><span class=\"su-spoiler-icon\"><\/span>Sv\u011bteln\u00e9 desky<\/div><div class=\"su-spoiler-content su-u-clearfix su-u-trim\">Sv\u011btlotvorba \u010dlov\u011bka (ment\u00e1ln\u00ed technologie vy\u0161\u0161\u00edch stup\u0148\u016f).<\/div><\/div>\n<div class=\"su-spoiler su-spoiler-style-fancy su-spoiler-icon-plus book-spoiler su-spoiler-closed\" data-scroll-offset=\"0\" data-anchor-in-url=\"no\"><div class=\"su-spoiler-title\" tabindex=\"0\" role=\"button\"><span class=\"su-spoiler-icon\"><\/span>Navig\u00e1tor - Normov\u00e1n\u00ed organizmu p\u0159i t\u011b\u017ek\u00fdch chorob\u00e1ch<\/div><div class=\"su-spoiler-content su-u-clearfix su-u-trim\">popis ment\u00e1ln\u00edch technologi\u00ed vy\u0161\u0161\u00ed \u00farovn\u011b\u00a0na t\u00e9ma:\u00a0Normov\u00e1n\u00ed organizmu p\u0159i t\u011b\u017ek\u00fdch chorob\u00e1ch podle technologi\u00ed u\u010den\u00ed Strom \u017divota.<\/div><\/div>\n<div class=\"su-spoiler su-spoiler-style-fancy su-spoiler-icon-plus book-spoiler su-spoiler-closed\" data-scroll-offset=\"0\" data-anchor-in-url=\"no\"><div class=\"su-spoiler-title\" tabindex=\"0\" role=\"button\"><span class=\"su-spoiler-icon\"><\/span>Navig\u00e1tor - Technologie pro obnovu zub\u016f<\/div><div class=\"su-spoiler-content su-u-clearfix su-u-trim\">popis ment\u00e1ln\u00edch technologi\u00ed vy\u0161\u0161\u00ed \u00farovn\u011b\u00a0na t\u00e9ma:\u00a0Technologie pro obnovu zub\u016f podle u\u010den\u00ed Strom \u017eivota.<\/div><\/div>\n<div class=\"su-spoiler su-spoiler-style-fancy su-spoiler-icon-plus book-spoiler su-spoiler-closed\" data-scroll-offset=\"0\" data-anchor-in-url=\"no\"><div class=\"su-spoiler-title\" tabindex=\"0\" role=\"button\"><span class=\"su-spoiler-icon\"><\/span>Praktick\u00e1 p\u0159\u00edru\u010dka k z\u00e1kladn\u00edmu kurzu bioinforma\u010dn\u00edch technologi\u00ed<\/div><div class=\"su-spoiler-content su-u-clearfix su-u-trim\"><\/div><\/div>\n<\/div>\n","protected":false},"excerpt":{"rendered":"<p>Objedn\u00e1vka knih, v\u010d. DPH za K\u010d Objedn\u00e1vka knih ze Slovenska\u00a0za \u20ac Vydan\u00e9 knihy A. N. Petrova v \u010de\u0161tin\u011b, nakladatelstv\u00edm Libu\u0161e B\u011blousov\u00e1:<\/p>\n","protected":false},"author":1,"featured_media":0,"parent":0,"menu_order":0,"comment_status":"closed","ping_status":"closed","template":"","meta":{"footnotes":""},"class_list":["post-68","page","type-page","status-publish","hentry"],"_links":{"self":[{"href":"https:\/\/bioinformacnitechnologie.cz\/index.php\/wp-json\/wp\/v2\/pages\/68","targetHints":{"allow":["GET"]}}],"collection":[{"href":"https:\/\/bioinformacnitechnologie.cz\/index.php\/wp-json\/wp\/v2\/pages"}],"about":[{"href":"https:\/\/bioinformacnitechnologie.cz\/index.php\/wp-json\/wp\/v2\/types\/page"}],"author":[{"embeddable":true,"href":"https:\/\/bioinformacnitechnologie.cz\/index.php\/wp-json\/wp\/v2\/users\/1"}],"replies":[{"embeddable":true,"href":"https:\/\/bioinformacnitechnologie.cz\/index.php\/wp-json\/wp\/v2\/comments?post=68"}],"version-history":[{"count":14,"href":"https:\/\/bioinformacnitechnologie.cz\/index.php\/wp-json\/wp\/v2\/pages\/68\/revisions"}],"predecessor-version":[{"id":195,"href":"https:\/\/bioinformacnitechnologie.cz\/index.php\/wp-json\/wp\/v2\/pages\/68\/revisions\/195"}],"wp:attachment":[{"href":"https:\/\/bioinformacnitechnologie.cz\/index.php\/wp-json\/wp\/v2\/media?parent=68"}],"curies":[{"name":"wp","href":"https:\/\/api.w.org\/{rel}","templated":true}]}}