{"id":65,"date":"2016-03-13T10:53:18","date_gmt":"2016-03-13T10:53:18","guid":{"rendered":"http:\/\/bioinformacnitechnologie.cz\/?page_id=65"},"modified":"2016-03-13T10:54:48","modified_gmt":"2016-03-13T10:54:48","slug":"ubytovani","status":"publish","type":"page","link":"https:\/\/bioinformacnitechnologie.cz\/index.php\/kurzy\/ubytovani\/","title":{"rendered":"Ubytov\u00e1n\u00ed"},"content":{"rendered":"<p>Pokud budete po\u017eadovat ubytov\u00e1n\u00ed, pros\u00edm, napi\u0161te si sami na recepci hotelu. Jsou pokoje standard a economy (dva pokoje maj\u00ed spole\u010dn\u00e9 soci\u00e1ln\u00ed za\u0159\u00edzen\u00ed).\u00a0Sn\u00ed\u017eenou cenu\u00a0dostanete zad\u00e1n\u00edm hesla:\u00a0akce B\u011blousovi. Objednat je pot\u0159eba na: Recepce <a href=\"http:\/\/www.hotel-prometheus.cz\/cz\/\">Hotel Prometheus<\/a>,\u00a0recepce@hotel-prometheus.cz<\/p>\n<p>Pokud d\u00e1v\u00e1te p\u0159ednost ni\u017e\u0161\u00ed cen\u011b, je mo\u017en\u00e9 se obr\u00e1tit na penzion\u00a0<a href=\"http:\/\/www.nakytnerce.cz\/\" target=\"_blank\">Na Kytnerce<\/a>. Objedn\u00e1vka mailem:\u00a0info@nakytnerce.cz. Penzion je n\u011bkolik zast\u00e1vek autobusu od hotelu Prometheus.<\/p>\n<p>Nebo ubytov\u00e1n\u00ed ve \u0161kolic\u00edm st\u0159edisku <a href=\"http:\/\/inprov.cz\/ubytovani\/\" target=\"_blank\">INPROV<\/a>.<\/p>\n","protected":false},"excerpt":{"rendered":"<p>Pokud budete po\u017eadovat ubytov\u00e1n\u00ed, pros\u00edm, napi\u0161te si sami na recepci hotelu. Jsou pokoje standard a economy (dva pokoje maj\u00ed spole\u010dn\u00e9 soci\u00e1ln\u00ed za\u0159\u00edzen\u00ed).\u00a0Sn\u00ed\u017eenou cenu\u00a0dostanete zad\u00e1n\u00edm hesla:\u00a0akce B\u011blousovi. Objednat je pot\u0159eba na: Recepce Hotel Prometheus,\u00a0recepce@hotel-prometheus.cz Pokud d\u00e1v\u00e1te p\u0159ednost ni\u017e\u0161\u00ed cen\u011b, je mo\u017en\u00e9 se obr\u00e1tit na penzion\u00a0Na Kytnerce. Objedn\u00e1vka mailem:\u00a0info@nakytnerce.cz. Penzion je n\u011bkolik zast\u00e1vek autobusu od hotelu Prometheus. [&hellip;]<\/p>\n","protected":false},"author":1,"featured_media":0,"parent":10,"menu_order":0,"comment_status":"closed","ping_status":"closed","template":"","meta":{"footnotes":""},"class_list":["post-65","page","type-page","status-publish","hentry"],"_links":{"self":[{"href":"https:\/\/bioinformacnitechnologie.cz\/index.php\/wp-json\/wp\/v2\/pages\/65","targetHints":{"allow":["GET"]}}],"collection":[{"href":"https:\/\/bioinformacnitechnologie.cz\/index.php\/wp-json\/wp\/v2\/pages"}],"about":[{"href":"https:\/\/bioinformacnitechnologie.cz\/index.php\/wp-json\/wp\/v2\/types\/page"}],"author":[{"embeddable":true,"href":"https:\/\/bioinformacnitechnologie.cz\/index.php\/wp-json\/wp\/v2\/users\/1"}],"replies":[{"embeddable":true,"href":"https:\/\/bioinformacnitechnologie.cz\/index.php\/wp-json\/wp\/v2\/comments?post=65"}],"version-history":[{"count":2,"href":"https:\/\/bioinformacnitechnologie.cz\/index.php\/wp-json\/wp\/v2\/pages\/65\/revisions"}],"predecessor-version":[{"id":67,"href":"https:\/\/bioinformacnitechnologie.cz\/index.php\/wp-json\/wp\/v2\/pages\/65\/revisions\/67"}],"up":[{"embeddable":true,"href":"https:\/\/bioinformacnitechnologie.cz\/index.php\/wp-json\/wp\/v2\/pages\/10"}],"wp:attachment":[{"href":"https:\/\/bioinformacnitechnologie.cz\/index.php\/wp-json\/wp\/v2\/media?parent=65"}],"curies":[{"name":"wp","href":"https:\/\/api.w.org\/{rel}","templated":true}]}}