{"id":27,"date":"2016-03-12T22:15:58","date_gmt":"2016-03-12T22:15:58","guid":{"rendered":"http:\/\/bioinformacnitechnologie.cz\/?page_id=27"},"modified":"2019-03-28T20:57:23","modified_gmt":"2019-03-28T19:57:23","slug":"terminy","status":"publish","type":"page","link":"https:\/\/bioinformacnitechnologie.cz\/index.php\/kurzy\/terminy\/","title":{"rendered":"Term\u00edny"},"content":{"rendered":"<pre><code>Pripravovan\u00e9 akce najdete na str\u00e1nkach <\/code><\/pre>\n<pre><code><a href=\"http:\/\/www.centrumstromzivota.cz\/\">http:\/\/www.centrumstromzivota.cz\/<\/a><\/code><\/pre>\n<pre><code> v sekci Pl\u00e1novan\u00e9 kurzy a P\u0159ihl\u00e1\u0161ky na kurzy \n<\/code><\/pre>\n\n\n<p><\/p>\n","protected":false},"excerpt":{"rendered":"<p>Pripravovan\u00e9 akce najdete na str\u00e1nkach http:\/\/www.centrumstromzivota.cz\/ v sekci Pl\u00e1novan\u00e9 kurzy a P\u0159ihl\u00e1\u0161ky na kurzy<\/p>\n","protected":false},"author":1,"featured_media":0,"parent":10,"menu_order":0,"comment_status":"closed","ping_status":"closed","template":"","meta":{"footnotes":""},"class_list":["post-27","page","type-page","status-publish","hentry"],"_links":{"self":[{"href":"https:\/\/bioinformacnitechnologie.cz\/index.php\/wp-json\/wp\/v2\/pages\/27","targetHints":{"allow":["GET"]}}],"collection":[{"href":"https:\/\/bioinformacnitechnologie.cz\/index.php\/wp-json\/wp\/v2\/pages"}],"about":[{"href":"https:\/\/bioinformacnitechnologie.cz\/index.php\/wp-json\/wp\/v2\/types\/page"}],"author":[{"embeddable":true,"href":"https:\/\/bioinformacnitechnologie.cz\/index.php\/wp-json\/wp\/v2\/users\/1"}],"replies":[{"embeddable":true,"href":"https:\/\/bioinformacnitechnologie.cz\/index.php\/wp-json\/wp\/v2\/comments?post=27"}],"version-history":[{"count":13,"href":"https:\/\/bioinformacnitechnologie.cz\/index.php\/wp-json\/wp\/v2\/pages\/27\/revisions"}],"predecessor-version":[{"id":202,"href":"https:\/\/bioinformacnitechnologie.cz\/index.php\/wp-json\/wp\/v2\/pages\/27\/revisions\/202"}],"up":[{"embeddable":true,"href":"https:\/\/bioinformacnitechnologie.cz\/index.php\/wp-json\/wp\/v2\/pages\/10"}],"wp:attachment":[{"href":"https:\/\/bioinformacnitechnologie.cz\/index.php\/wp-json\/wp\/v2\/media?parent=27"}],"curies":[{"name":"wp","href":"https:\/\/api.w.org\/{rel}","templated":true}]}}