{"id":162,"date":"2016-03-18T15:39:21","date_gmt":"2016-03-18T14:39:21","guid":{"rendered":"http:\/\/bioinformacnitechnologie.cz\/?page_id=162"},"modified":"2016-03-18T15:47:44","modified_gmt":"2016-03-18T14:47:44","slug":"vitejte-na-strankach-bioinformacnich-technologii","status":"publish","type":"page","link":"https:\/\/bioinformacnitechnologie.cz\/","title":{"rendered":"\u00davodn\u00ed"},"content":{"rendered":"<p>&nbsp;<\/p>\n<h2 style=\"text-align: center;\">V\u00edtejte na str\u00e1nk\u00e1ch bioinforma\u010dn\u00edch technologi\u00ed<\/h2>\n<p><img loading=\"lazy\" decoding=\"async\" class=\"wp-image-163 aligncenter\" src=\"http:\/\/bioinformacnitechnologie.cz\/wp-content\/uploads\/2016\/03\/Navig\u00e1tor-strom-tmav\u0161\u00ed-237x300.jpg\" alt=\"Navig\u00e1tor strom tmav\u0161\u00ed\" width=\"492\" height=\"623\" srcset=\"https:\/\/bioinformacnitechnologie.cz\/wp-content\/uploads\/2016\/03\/Navig\u00e1tor-strom-tmav\u0161\u00ed-237x300.jpg 237w, https:\/\/bioinformacnitechnologie.cz\/wp-content\/uploads\/2016\/03\/Navig\u00e1tor-strom-tmav\u0161\u00ed-768x971.jpg 768w, https:\/\/bioinformacnitechnologie.cz\/wp-content\/uploads\/2016\/03\/Navig\u00e1tor-strom-tmav\u0161\u00ed-810x1024.jpg 810w, https:\/\/bioinformacnitechnologie.cz\/wp-content\/uploads\/2016\/03\/Navig\u00e1tor-strom-tmav\u0161\u00ed.jpg 924w\" sizes=\"auto, (max-width: 492px) 100vw, 492px\" \/><\/p>\n","protected":false},"excerpt":{"rendered":"<p>&nbsp; V\u00edtejte na str\u00e1nk\u00e1ch bioinforma\u010dn\u00edch technologi\u00ed<\/p>\n","protected":false},"author":1,"featured_media":0,"parent":0,"menu_order":0,"comment_status":"closed","ping_status":"closed","template":"","meta":{"footnotes":""},"class_list":["post-162","page","type-page","status-publish","hentry"],"_links":{"self":[{"href":"https:\/\/bioinformacnitechnologie.cz\/index.php\/wp-json\/wp\/v2\/pages\/162","targetHints":{"allow":["GET"]}}],"collection":[{"href":"https:\/\/bioinformacnitechnologie.cz\/index.php\/wp-json\/wp\/v2\/pages"}],"about":[{"href":"https:\/\/bioinformacnitechnologie.cz\/index.php\/wp-json\/wp\/v2\/types\/page"}],"author":[{"embeddable":true,"href":"https:\/\/bioinformacnitechnologie.cz\/index.php\/wp-json\/wp\/v2\/users\/1"}],"replies":[{"embeddable":true,"href":"https:\/\/bioinformacnitechnologie.cz\/index.php\/wp-json\/wp\/v2\/comments?post=162"}],"version-history":[{"count":6,"href":"https:\/\/bioinformacnitechnologie.cz\/index.php\/wp-json\/wp\/v2\/pages\/162\/revisions"}],"predecessor-version":[{"id":169,"href":"https:\/\/bioinformacnitechnologie.cz\/index.php\/wp-json\/wp\/v2\/pages\/162\/revisions\/169"}],"wp:attachment":[{"href":"https:\/\/bioinformacnitechnologie.cz\/index.php\/wp-json\/wp\/v2\/media?parent=162"}],"curies":[{"name":"wp","href":"https:\/\/api.w.org\/{rel}","templated":true}]}}