{"id":10,"date":"2016-03-12T21:05:16","date_gmt":"2016-03-12T21:05:16","guid":{"rendered":"http:\/\/bioinformacnitechnologie.cz\/?page_id=10"},"modified":"2016-03-12T22:08:22","modified_gmt":"2016-03-12T22:08:22","slug":"kurzy","status":"publish","type":"page","link":"https:\/\/bioinformacnitechnologie.cz\/index.php\/kurzy\/","title":{"rendered":"Kurzy"},"content":{"rendered":"<div id=\"PAGES_CONTAINERbg\" class=\"s3bg\" data-reactid=\".0.$SITE_ROOT.$desktop_siteRoot.$PAGES_CONTAINER.1.0\">C\u00edlem z\u00e1kladn\u00edho kurzu je\u00a0strukturovat v\u011bdom\u00ed a nau\u010dit \u010dlov\u011bka technologi\u00edm, kter\u00e9 umo\u017en\u00ed propojit du\u0161i s v\u011bdom\u00edm. Du\u0161e jako nesmrteln\u00e1 \u010d\u00e1st \u010dlov\u011bka nese v sob\u011b \u010d\u00e1ste\u010dku Stvo\u0159itele a obsahuje ve\u0161ker\u00e9 v\u011bd\u011bn\u00ed. Jde o duchovn\u00ed cestu sm\u011brem k pozn\u00e1n\u00ed sebe sama a pochopen\u00ed uspo\u0159\u00e1d\u00e1n\u00ed sv\u011bta, \u00falohy \u010dlov\u011bka na Zemi a ve Vesm\u00edru. Vedlej\u0161\u00edm produktem aktivity v tomto oboru b\u00fdv\u00e1 i uzdraven\u00ed t\u011blesn\u00fdch chorob, v n\u011bkter\u00fdch p\u0159\u00edpadech doch\u00e1z\u00ed i\u00a0k\u00a0dor\u016fst\u00e1n\u00ed chirurgicky odstran\u011bn\u00fdch org\u00e1n\u016f.\u00a0Lektorka doporu\u010duje, aby si z\u00e1jemci o z\u00e1kladn\u00ed kurz, kte\u0159\u00ed nemaj\u00ed sv\u00e9 zdrav\u00ed zcela v po\u0159\u00e1dku, nechali ud\u011blat p\u0159\u00edslu\u0161n\u00e1 l\u00e9ka\u0159sk\u00e1 vy\u0161et\u0159en\u00ed p\u0159ed kurzem a po n\u011bm. D\u011bl\u00e1me v\u00fdzkum p\u016fsoben\u00ed bioinforma\u010dn\u00edch technologi\u00ed. Tento v\u00fdzkum zapo\u010dal i v jin\u00fdch zem\u00edch a m\u00e1 zaj\u00edmav\u00e9 v\u00fdsledky. V\u00fdsledky absolvent\u016f budeme zde s jejich souhlasem publikovat.<\/p>\n<p>N\u00e1sleduj\u00edc\u00edm krokem ve v\u00fduce po absolvov\u00e1n\u00ed z\u00e1kladn\u00edho kurzu jsou\u00a0stupn\u011b.<br \/>\nJe to schodi\u0161t\u011b, po kter\u00e9m \u010dlov\u011bk stoup\u00e1 a dost\u00e1v\u00e1 mo\u017enost naladit se na duchovn\u00ed sf\u00e9ry planet a postupn\u011b o\u010di\u0161\u0165ovat \u00farovn\u011b v\u011bdom\u00ed od zkreslen\u00e9ho sv\u011bton\u00e1zoru a ch\u00e1p\u00e1n\u00ed sv\u011bta a\u017e k\u00a0v\u011bdom\u00ed bun\u011bk. Toto duchovn\u00ed \u00fasil\u00ed n\u00e1m na cest\u011b pozn\u00e1n\u00ed pom\u00e1h\u00e1 sladit se s\u00a0vlastnostmi Stvo\u0159itelov\u00fdmi. D\u00e1v\u00e1 n\u00e1m mo\u017enost pochopit jeho z\u00e1m\u011br ve vztahu k\u00a0\u010dlov\u011bku, kter\u00e9ho stvo\u0159il. A kdy\u017e p\u0159ijde pochopen\u00ed, otev\u00edraj\u00ed se mo\u017enosti a schopnosti Stvo\u0159itelem do n\u00e1s vlo\u017een\u00e9. Odhaluj\u00ed se perspektivy obnovy cel\u00e9ho vzorov\u00e9ho stavu struktury \u010dlov\u011bka v\u010detn\u011b fyzick\u00e9ho t\u011bla.<br \/>\nP\u0159i proch\u00e1zen\u00ed stup\u0148\u016f se krom\u011b toho roz\u0161i\u0159uje na\u0161e uv\u011bdom\u011bn\u00ed si sebe sama, sv\u00e9 role a odpov\u011bdnosti v\u00a0m\u011b\u0159\u00edtku Slune\u010dn\u00edho syst\u00e9mu. \u010clov\u011bk, kter\u00fd se duchovn\u011b nalad\u00ed na tyto planet\u00e1rn\u00ed sf\u00e9ry \u2013 programy, je schopen na z\u00e1klad\u011b v\u00fdsledk\u016f vlastn\u00ed duchovn\u00ed pr\u00e1ce a toho, \u017ee si uv\u011bdom\u00ed svou zodpov\u011bdnost, ment\u00e1ln\u011b sv\u00fdm v\u011bdom\u00edm pracovat v\u00a0informa\u010dn\u00edm poli Zem\u011b a cel\u00e9ho Slune\u010dn\u00edho syst\u00e9mu. A tak\u00e9 normovat jak procesy ve vlastn\u00edm fyzick\u00e9m t\u011ble, tak i harmonizovat celoplanet\u00e1rn\u00ed procesy.<br \/>\nA to v\u0161e prob\u00edh\u00e1 sou\u010dasn\u00fdm nalad\u011bn\u00edm na pole Harmonie, Tvorby a L\u00e1sky.<br \/>\nTyto znalosti n\u00e1s p\u0159ibli\u017euj\u00ed duchovn\u011b i fyzicky k\u00a0vn\u00edm\u00e1n\u00ed sv\u011btla Stvo\u0159itelova v\u011bd\u011bn\u00ed.<\/p><\/div>\n","protected":false},"excerpt":{"rendered":"<p>C\u00edlem z\u00e1kladn\u00edho kurzu je\u00a0strukturovat v\u011bdom\u00ed a nau\u010dit \u010dlov\u011bka technologi\u00edm, kter\u00e9 umo\u017en\u00ed propojit du\u0161i s v\u011bdom\u00edm. Du\u0161e jako nesmrteln\u00e1 \u010d\u00e1st \u010dlov\u011bka nese v sob\u011b \u010d\u00e1ste\u010dku Stvo\u0159itele a obsahuje ve\u0161ker\u00e9 v\u011bd\u011bn\u00ed. Jde o duchovn\u00ed cestu sm\u011brem k pozn\u00e1n\u00ed sebe sama a pochopen\u00ed uspo\u0159\u00e1d\u00e1n\u00ed sv\u011bta, \u00falohy \u010dlov\u011bka na Zemi a ve Vesm\u00edru. Vedlej\u0161\u00edm produktem aktivity v tomto oboru [&hellip;]<\/p>\n","protected":false},"author":1,"featured_media":0,"parent":0,"menu_order":0,"comment_status":"closed","ping_status":"closed","template":"","meta":{"footnotes":""},"class_list":["post-10","page","type-page","status-publish","hentry"],"_links":{"self":[{"href":"https:\/\/bioinformacnitechnologie.cz\/index.php\/wp-json\/wp\/v2\/pages\/10","targetHints":{"allow":["GET"]}}],"collection":[{"href":"https:\/\/bioinformacnitechnologie.cz\/index.php\/wp-json\/wp\/v2\/pages"}],"about":[{"href":"https:\/\/bioinformacnitechnologie.cz\/index.php\/wp-json\/wp\/v2\/types\/page"}],"author":[{"embeddable":true,"href":"https:\/\/bioinformacnitechnologie.cz\/index.php\/wp-json\/wp\/v2\/users\/1"}],"replies":[{"embeddable":true,"href":"https:\/\/bioinformacnitechnologie.cz\/index.php\/wp-json\/wp\/v2\/comments?post=10"}],"version-history":[{"count":9,"href":"https:\/\/bioinformacnitechnologie.cz\/index.php\/wp-json\/wp\/v2\/pages\/10\/revisions"}],"predecessor-version":[{"id":26,"href":"https:\/\/bioinformacnitechnologie.cz\/index.php\/wp-json\/wp\/v2\/pages\/10\/revisions\/26"}],"wp:attachment":[{"href":"https:\/\/bioinformacnitechnologie.cz\/index.php\/wp-json\/wp\/v2\/media?parent=10"}],"curies":[{"name":"wp","href":"https:\/\/api.w.org\/{rel}","templated":true}]}}